{"id":27,"date":"2022-11-15T08:34:08","date_gmt":"2022-11-15T08:34:08","guid":{"rendered":"https:\/\/cascinadede.it\/?page_id=27"},"modified":"2022-11-15T10:01:29","modified_gmt":"2022-11-15T10:01:29","slug":"chi-siamo","status":"publish","type":"page","link":"https:\/\/cascinadede.it\/?page_id=27","title":{"rendered":"Chi Siamo"},"content":{"rendered":"\t\t<div data-elementor-type=\"wp-page\" data-elementor-id=\"27\" class=\"elementor elementor-27\">\n\t\t\t\t\t\t<section class=\"elementor-section elementor-top-section elementor-element elementor-element-324c80c elementor-section-full_width elementor-section-height-default elementor-section-height-default\" data-id=\"324c80c\" data-element_type=\"section\">\n\t\t\t\t\t\t<div class=\"elementor-container elementor-column-gap-default\">\n\t\t\t\t\t<div class=\"elementor-column elementor-col-100 elementor-top-column elementor-element elementor-element-ed7af2d\" data-id=\"ed7af2d\" data-element_type=\"column\">\n\t\t\t<div class=\"elementor-widget-wrap elementor-element-populated\">\n\t\t\t\t\t\t<div class=\"elementor-element elementor-element-e997fc6 elementor--h-position-center elementor--v-position-middle elementor-arrows-position-inside elementor-pagination-position-inside elementor-widget elementor-widget-slides\" data-id=\"e997fc6\" data-element_type=\"widget\" data-settings=\"{&quot;navigation&quot;:&quot;both&quot;,&quot;autoplay&quot;:&quot;yes&quot;,&quot;pause_on_hover&quot;:&quot;yes&quot;,&quot;pause_on_interaction&quot;:&quot;yes&quot;,&quot;autoplay_speed&quot;:5000,&quot;infinite&quot;:&quot;yes&quot;,&quot;transition&quot;:&quot;slide&quot;,&quot;transition_speed&quot;:500}\" data-widget_type=\"slides.default\">\n\t\t\t\t<div class=\"elementor-widget-container\">\n\t\t\t\t\t<div class=\"elementor-swiper\">\n\t\t\t<div class=\"elementor-slides-wrapper elementor-main-swiper swiper-container\" dir=\"ltr\" data-animation=\"fadeInUp\">\n\t\t\t\t<div class=\"swiper-wrapper elementor-slides\">\n\t\t\t\t\t\t\t\t\t\t<div class=\"elementor-repeater-item-a2719a8 swiper-slide\"><div class=\"swiper-slide-bg\"><\/div><div class=\"swiper-slide-inner\" ><div class=\"swiper-slide-contents\"><div class=\"elementor-slide-heading\">La nostra storia<\/div><\/div><\/div><\/div>\t\t\t\t<\/div>\n\t\t\t\t\t\t\t<\/div>\n\t\t<\/div>\n\t\t\t\t<\/div>\n\t\t\t\t<\/div>\n\t\t\t\t\t<\/div>\n\t\t<\/div>\n\t\t\t\t\t<\/div>\n\t\t<\/section>\n\t\t\t\t<section class=\"elementor-section elementor-top-section elementor-element elementor-element-654f000f elementor-section-full_width elementor-section-content-middle elementor-hidden-mobile elementor-section-height-default elementor-section-height-default\" data-id=\"654f000f\" data-element_type=\"section\">\n\t\t\t\t\t\t<div class=\"elementor-container elementor-column-gap-no\">\n\t\t\t\t\t<div class=\"elementor-column elementor-col-50 elementor-top-column elementor-element elementor-element-7f782cd5\" data-id=\"7f782cd5\" data-element_type=\"column\" data-settings=\"{&quot;background_background&quot;:&quot;classic&quot;}\">\n\t\t\t<div class=\"elementor-widget-wrap\">\n\t\t\t\t\t<div class=\"elementor-background-overlay\"><\/div>\n\t\t\t\t\t\t\t<\/div>\n\t\t<\/div>\n\t\t\t\t<div class=\"elementor-column elementor-col-50 elementor-top-column elementor-element elementor-element-ed192c3\" data-id=\"ed192c3\" data-element_type=\"column\">\n\t\t\t<div class=\"elementor-widget-wrap elementor-element-populated\">\n\t\t\t\t\t\t<div class=\"elementor-element elementor-element-7ab84449 elementor-widget elementor-widget-text-editor\" data-id=\"7ab84449\" data-element_type=\"widget\" data-widget_type=\"text-editor.default\">\n\t\t\t\t<div class=\"elementor-widget-container\">\n\t\t\t\t\t\t\t<p><b><span style=\"font-family: 'Arial',sans-serif; color: black;\">Storia e tradizione:\u00a0<i>Dal prato al Formaggio\u201d<\/i>\u00a0\u00e8 la frase pi\u00f9 adatta a presentare il Caseificio Ded\u00e8.<\/span><\/b><\/p>\t\t\t\t\t\t<\/div>\n\t\t\t\t<\/div>\n\t\t\t\t<div class=\"elementor-element elementor-element-4416a3a0 elementor-widget elementor-widget-text-editor\" data-id=\"4416a3a0\" data-element_type=\"widget\" data-widget_type=\"text-editor.default\">\n\t\t\t\t<div class=\"elementor-widget-container\">\n\t\t\t\t\t\t\t<p class=\"p1\" style=\"margin-top: 0cm; line-height: 24.0pt; background: white;\"><span style=\"font-family: 'Arial',sans-serif; color: #050505;\">Il caseificio deriva infatti da una antica azienda agricolo-casearia insediata nel 1945 alla Cascina Rosa del Propio di Borghetto Lodigiano che produceva secondo la prassi da lungo tempo consolidata nel Lodigiano e consistente in: coltivazione di terreni irrigui con la tecnica della rotazione finalizzata alla produzione di foraggi, sia freschi che essiccati destinati ai bovini da latte, produzione di latte e sua trasformazione in formaggi a lunga stagionatura, inoltre il siero residuo dalla lavorazione del formaggio viene sfruttato per l\u2019allevamento di suini.. Nel 1974 l\u2019azienda diventa una societ\u00e0 fra i componenti della famiglia. La tradizionale lavorazione gelosamente conservata e ripristinata dal caseificio si accompagna all\u2019osservanza del rispetto delle norme europee per le prassi igienico-alimentari ed alla scelta del latte migliore.<\/span><\/p><p class=\"p1\" style=\"margin-top: 0cm; line-height: 24.0pt; background: white;\"><span style=\"font-family: 'Arial',sans-serif; color: #050505;\">L\u2019attaccamento alla tradizione non \u00e8 mantenuto solo dalla continuit\u00e0 della famiglia del titolare, ma anche dalla famiglie dei dipendenti e dei collaboratori. Esse pure, di padre in figlio, hanno trasmesso l\u2019arte, lo spirito di collaborazione, l\u2019attaccamento alla tradizione e la passione per le cose fatte bene.<\/span><\/p>\t\t\t\t\t\t<\/div>\n\t\t\t\t<\/div>\n\t\t\t\t\t<\/div>\n\t\t<\/div>\n\t\t\t\t\t<\/div>\n\t\t<\/section>\n\t\t\t\t<section class=\"elementor-section elementor-top-section elementor-element elementor-element-521f1a0 elementor-hidden-desktop elementor-hidden-tablet elementor-section-boxed elementor-section-height-default elementor-section-height-default\" data-id=\"521f1a0\" data-element_type=\"section\">\n\t\t\t\t\t\t<div class=\"elementor-container elementor-column-gap-default\">\n\t\t\t\t\t<div class=\"elementor-column elementor-col-50 elementor-top-column elementor-element elementor-element-759d498\" data-id=\"759d498\" data-element_type=\"column\">\n\t\t\t<div class=\"elementor-widget-wrap elementor-element-populated\">\n\t\t\t\t\t\t<div class=\"elementor-element elementor-element-1b74fe4 elementor-widget elementor-widget-image\" data-id=\"1b74fe4\" data-element_type=\"widget\" data-widget_type=\"image.default\">\n\t\t\t\t<div class=\"elementor-widget-container\">\n\t\t\t\t\t\t\t\t\t\t\t\t\t<img fetchpriority=\"high\" decoding=\"async\" width=\"800\" height=\"535\" src=\"https:\/\/cascinadede.it\/wp-content\/uploads\/2022\/11\/Schermata-2022-11-14-alle-10.52.22.png\" class=\"attachment-large size-large wp-image-59\" alt=\"\" srcset=\"https:\/\/cascinadede.it\/wp-content\/uploads\/2022\/11\/Schermata-2022-11-14-alle-10.52.22.png 914w, https:\/\/cascinadede.it\/wp-content\/uploads\/2022\/11\/Schermata-2022-11-14-alle-10.52.22-300x201.png 300w, https:\/\/cascinadede.it\/wp-content\/uploads\/2022\/11\/Schermata-2022-11-14-alle-10.52.22-768x513.png 768w\" sizes=\"(max-width: 800px) 100vw, 800px\" \/>\t\t\t\t\t\t\t\t\t\t\t\t\t<\/div>\n\t\t\t\t<\/div>\n\t\t\t\t\t<\/div>\n\t\t<\/div>\n\t\t\t\t<div class=\"elementor-column elementor-col-50 elementor-top-column elementor-element elementor-element-a9d599b\" data-id=\"a9d599b\" data-element_type=\"column\">\n\t\t\t<div class=\"elementor-widget-wrap elementor-element-populated\">\n\t\t\t\t\t\t<div class=\"elementor-element elementor-element-0c08ea8 elementor-widget elementor-widget-text-editor\" data-id=\"0c08ea8\" data-element_type=\"widget\" data-widget_type=\"text-editor.default\">\n\t\t\t\t<div class=\"elementor-widget-container\">\n\t\t\t\t\t\t\t<p><b><span style=\"font-family: 'Arial',sans-serif; color: black;\">Storia e tradizione:\u00a0<i>Dal prato al Formaggio\u201d<\/i>\u00a0\u00e8 la frase pi\u00f9 adatta a presentare il Caseificio Ded\u00e8.<\/span><\/b><\/p>\t\t\t\t\t\t<\/div>\n\t\t\t\t<\/div>\n\t\t\t\t<div class=\"elementor-element elementor-element-f9c2be8 elementor-widget elementor-widget-text-editor\" data-id=\"f9c2be8\" data-element_type=\"widget\" data-widget_type=\"text-editor.default\">\n\t\t\t\t<div class=\"elementor-widget-container\">\n\t\t\t\t\t\t\t<p class=\"p1\" style=\"margin-top: 0cm; line-height: 24.0pt; background: white;\"><span style=\"font-family: 'Arial',sans-serif; color: #050505;\">Il caseificio deriva infatti da una antica azienda agricolo-casearia insediata nel 1945 alla Cascina Rosa del Propio di Borghetto Lodigiano che produceva secondo la prassi da lungo tempo consolidata nel Lodigiano e consistente in: coltivazione di terreni irrigui con la tecnica della rotazione finalizzata alla produzione di foraggi, sia freschi che essiccati destinati ai bovini da latte, produzione di latte e sua trasformazione in formaggi a lunga stagionatura, inoltre il siero residuo dalla lavorazione del formaggio viene sfruttato per l\u2019allevamento di suini.. Nel 1974 l\u2019azienda diventa una societ\u00e0 fra i componenti della famiglia. La tradizionale lavorazione gelosamente conservata e ripristinata dal caseificio si accompagna all\u2019osservanza del rispetto delle norme europee per le prassi igienico-alimentari ed alla scelta del latte migliore.<\/span><\/p><p class=\"p1\" style=\"margin-top: 0cm; line-height: 24.0pt; background: white;\"><span style=\"font-family: 'Arial',sans-serif; color: #050505;\">L\u2019attaccamento alla tradizione non \u00e8 mantenuto solo dalla continuit\u00e0 della famiglia del titolare, ma anche dalla famiglie dei dipendenti e dei collaboratori. Esse pure, di padre in figlio, hanno trasmesso l\u2019arte, lo spirito di collaborazione, l\u2019attaccamento alla tradizione e la passione per le cose fatte bene.<\/span><\/p>\t\t\t\t\t\t<\/div>\n\t\t\t\t<\/div>\n\t\t\t\t\t<\/div>\n\t\t<\/div>\n\t\t\t\t\t<\/div>\n\t\t<\/section>\n\t\t\t\t<section class=\"elementor-section elementor-top-section elementor-element elementor-element-c807a25 elementor-section-full_width elementor-section-height-default elementor-section-height-default\" data-id=\"c807a25\" data-element_type=\"section\" data-settings=\"{&quot;background_background&quot;:&quot;classic&quot;}\">\n\t\t\t\t\t\t<div class=\"elementor-container elementor-column-gap-default\">\n\t\t\t\t\t<div class=\"elementor-column elementor-col-100 elementor-top-column elementor-element elementor-element-bacf871\" data-id=\"bacf871\" data-element_type=\"column\">\n\t\t\t<div class=\"elementor-widget-wrap\">\n\t\t\t\t\t\t\t<\/div>\n\t\t<\/div>\n\t\t\t\t\t<\/div>\n\t\t<\/section>\n\t\t\t\t<\/div>\n\t\t","protected":false},"excerpt":{"rendered":"<p>La nostra storia Storia e tradizione:\u00a0Dal prato al Formaggio\u201d\u00a0\u00e8 la frase pi\u00f9 adatta a presentare il Caseificio Ded\u00e8. Il caseificio deriva infatti da una antica azienda agricolo-casearia insediata nel 1945 alla Cascina Rosa del Propio di Borghetto Lodigiano che produceva secondo la prassi da lungo tempo consolidata nel Lodigiano e consistente in: coltivazione di terreni [&hellip;]<\/p>\n","protected":false},"author":1,"featured_media":0,"parent":0,"menu_order":0,"comment_status":"closed","ping_status":"closed","template":"","meta":{"footnotes":""},"class_list":["post-27","page","type-page","status-publish","hentry"],"_links":{"self":[{"href":"https:\/\/cascinadede.it\/index.php?rest_route=\/wp\/v2\/pages\/27","targetHints":{"allow":["GET"]}}],"collection":[{"href":"https:\/\/cascinadede.it\/index.php?rest_route=\/wp\/v2\/pages"}],"about":[{"href":"https:\/\/cascinadede.it\/index.php?rest_route=\/wp\/v2\/types\/page"}],"author":[{"embeddable":true,"href":"https:\/\/cascinadede.it\/index.php?rest_route=\/wp\/v2\/users\/1"}],"replies":[{"embeddable":true,"href":"https:\/\/cascinadede.it\/index.php?rest_route=%2Fwp%2Fv2%2Fcomments&post=27"}],"version-history":[{"count":22,"href":"https:\/\/cascinadede.it\/index.php?rest_route=\/wp\/v2\/pages\/27\/revisions"}],"predecessor-version":[{"id":86,"href":"https:\/\/cascinadede.it\/index.php?rest_route=\/wp\/v2\/pages\/27\/revisions\/86"}],"wp:attachment":[{"href":"https:\/\/cascinadede.it\/index.php?rest_route=%2Fwp%2Fv2%2Fmedia&parent=27"}],"curies":[{"name":"wp","href":"https:\/\/api.w.org\/{rel}","templated":true}]}}