{"id":22,"date":"2022-11-15T08:33:26","date_gmt":"2022-11-15T08:33:26","guid":{"rendered":"https:\/\/cascinadede.it\/?page_id=22"},"modified":"2022-11-15T09:09:56","modified_gmt":"2022-11-15T09:09:56","slug":"home","status":"publish","type":"page","link":"https:\/\/cascinadede.it\/","title":{"rendered":"Home"},"content":{"rendered":"\t\t<div data-elementor-type=\"wp-page\" data-elementor-id=\"22\" class=\"elementor elementor-22\">\n\t\t\t\t\t\t<section class=\"elementor-section elementor-top-section elementor-element elementor-element-ba8273f elementor-section-full_width elementor-section-height-default elementor-section-height-default\" data-id=\"ba8273f\" data-element_type=\"section\">\n\t\t\t\t\t\t<div class=\"elementor-container elementor-column-gap-default\">\n\t\t\t\t\t<div class=\"elementor-column elementor-col-100 elementor-top-column elementor-element elementor-element-94b2558\" data-id=\"94b2558\" data-element_type=\"column\">\n\t\t\t<div class=\"elementor-widget-wrap elementor-element-populated\">\n\t\t\t\t\t\t<div class=\"elementor-element elementor-element-e62ec8e elementor--h-position-center elementor--v-position-middle elementor-arrows-position-inside elementor-pagination-position-inside elementor-widget elementor-widget-slides\" data-id=\"e62ec8e\" data-element_type=\"widget\" data-settings=\"{&quot;navigation&quot;:&quot;both&quot;,&quot;autoplay&quot;:&quot;yes&quot;,&quot;pause_on_hover&quot;:&quot;yes&quot;,&quot;pause_on_interaction&quot;:&quot;yes&quot;,&quot;autoplay_speed&quot;:5000,&quot;infinite&quot;:&quot;yes&quot;,&quot;transition&quot;:&quot;slide&quot;,&quot;transition_speed&quot;:500}\" data-widget_type=\"slides.default\">\n\t\t\t\t<div class=\"elementor-widget-container\">\n\t\t\t\t\t<div class=\"elementor-swiper\">\n\t\t\t<div class=\"elementor-slides-wrapper elementor-main-swiper swiper-container\" dir=\"ltr\" data-animation=\"fadeInUp\">\n\t\t\t\t<div class=\"swiper-wrapper elementor-slides\">\n\t\t\t\t\t\t\t\t\t\t<div class=\"elementor-repeater-item-a2719a8 swiper-slide\"><div class=\"swiper-slide-bg\"><\/div><div class=\"swiper-slide-inner\" ><div class=\"swiper-slide-contents\"><div class=\"elementor-slide-heading\">Caseificio Ded\u00e8 dal 1945<\/div><\/div><\/div><\/div>\t\t\t\t<\/div>\n\t\t\t\t\t\t\t<\/div>\n\t\t<\/div>\n\t\t\t\t<\/div>\n\t\t\t\t<\/div>\n\t\t\t\t\t<\/div>\n\t\t<\/div>\n\t\t\t\t\t<\/div>\n\t\t<\/section>\n\t\t\t\t<section class=\"elementor-section elementor-top-section elementor-element elementor-element-1721c6e elementor-section-boxed elementor-section-height-default elementor-section-height-default\" data-id=\"1721c6e\" data-element_type=\"section\">\n\t\t\t\t\t\t<div class=\"elementor-container elementor-column-gap-default\">\n\t\t\t\t\t<div class=\"elementor-column elementor-col-100 elementor-top-column elementor-element elementor-element-7ade5d9\" data-id=\"7ade5d9\" data-element_type=\"column\">\n\t\t\t<div class=\"elementor-widget-wrap elementor-element-populated\">\n\t\t\t\t\t\t<div class=\"elementor-element elementor-element-2d1c23e elementor-widget elementor-widget-spacer\" data-id=\"2d1c23e\" data-element_type=\"widget\" data-widget_type=\"spacer.default\">\n\t\t\t\t<div class=\"elementor-widget-container\">\n\t\t\t\t\t<div class=\"elementor-spacer\">\n\t\t\t<div class=\"elementor-spacer-inner\"><\/div>\n\t\t<\/div>\n\t\t\t\t<\/div>\n\t\t\t\t<\/div>\n\t\t\t\t\t<\/div>\n\t\t<\/div>\n\t\t\t\t\t<\/div>\n\t\t<\/section>\n\t\t\t\t<section class=\"elementor-section elementor-top-section elementor-element elementor-element-e45535d elementor-section-boxed elementor-section-height-default elementor-section-height-default\" data-id=\"e45535d\" data-element_type=\"section\">\n\t\t\t\t\t\t<div class=\"elementor-container elementor-column-gap-default\">\n\t\t\t\t\t<div class=\"elementor-column elementor-col-50 elementor-top-column elementor-element elementor-element-9a45e01\" data-id=\"9a45e01\" data-element_type=\"column\">\n\t\t\t<div class=\"elementor-widget-wrap elementor-element-populated\">\n\t\t\t\t\t\t<div class=\"elementor-element elementor-element-958c071 elementor-widget elementor-widget-heading\" data-id=\"958c071\" data-element_type=\"widget\" data-widget_type=\"heading.default\">\n\t\t\t\t<div class=\"elementor-widget-container\">\n\t\t\t<h2 class=\"elementor-heading-title elementor-size-default\">Su di noi<\/h2>\t\t<\/div>\n\t\t\t\t<\/div>\n\t\t\t\t<div class=\"elementor-element elementor-element-5dbd05a elementor-widget elementor-widget-text-editor\" data-id=\"5dbd05a\" data-element_type=\"widget\" data-widget_type=\"text-editor.default\">\n\t\t\t\t<div class=\"elementor-widget-container\">\n\t\t\t\t\t\t\t<p><em>Dal prato al Formaggio\u201d<\/em><strong>\u00a0\u00e8 la frase pi\u00f9 adatta a presentare il Caseificio Ded\u00e8.<\/strong><\/p><p>Il caseificio infatti si trova all\u2019interno di un\u2019antica azienda agricolo-casearia chiamata Cascina Rosa del Propio di Borghetto Lodigiano, che produceva da tempi immemori il burro ed il\u00a0<strong>Granone lodigiano<\/strong>\u00a0secondo la prassi da lungo tempo consolidata in questo territorio, che consisteva nella coltivazione dei terreni irrigui con la tecnica della rotazione per la produzione di foraggi destinati alle bovine da latte.\u00a0<\/p><p>Oggi, nel solco di questa tradizione, produciamo con le pi\u00f9 moderne tecnologie il\u00a0<strong>Grana Padano LO 210<\/strong>, il nostro ottimo \u201c<strong>Burro di pura panna<\/strong>\u201d e il\u00a0<strong>Tipico Lodigiano Ded\u00e8<\/strong>, apprezzato fino in Giappone.<\/p>\t\t\t\t\t\t<\/div>\n\t\t\t\t<\/div>\n\t\t\t\t\t<\/div>\n\t\t<\/div>\n\t\t\t\t<div class=\"elementor-column elementor-col-50 elementor-top-column elementor-element elementor-element-318f656\" data-id=\"318f656\" data-element_type=\"column\">\n\t\t\t<div class=\"elementor-widget-wrap elementor-element-populated\">\n\t\t\t\t\t\t<div class=\"elementor-element elementor-element-305c91d elementor-widget elementor-widget-image\" data-id=\"305c91d\" data-element_type=\"widget\" data-widget_type=\"image.default\">\n\t\t\t\t<div class=\"elementor-widget-container\">\n\t\t\t\t\t\t\t\t\t\t\t\t\t<img fetchpriority=\"high\" decoding=\"async\" width=\"568\" height=\"422\" src=\"https:\/\/cascinadede.it\/wp-content\/uploads\/2022\/11\/Schermata-2022-11-14-alle-10.51.07.png\" class=\"attachment-large size-large wp-image-46\" alt=\"\" srcset=\"https:\/\/cascinadede.it\/wp-content\/uploads\/2022\/11\/Schermata-2022-11-14-alle-10.51.07.png 568w, https:\/\/cascinadede.it\/wp-content\/uploads\/2022\/11\/Schermata-2022-11-14-alle-10.51.07-300x223.png 300w\" sizes=\"(max-width: 568px) 100vw, 568px\" \/>\t\t\t\t\t\t\t\t\t\t\t\t\t<\/div>\n\t\t\t\t<\/div>\n\t\t\t\t\t<\/div>\n\t\t<\/div>\n\t\t\t\t\t<\/div>\n\t\t<\/section>\n\t\t\t\t<section class=\"elementor-section elementor-top-section elementor-element elementor-element-7e6fd58 elementor-section-boxed elementor-section-height-default elementor-section-height-default\" data-id=\"7e6fd58\" data-element_type=\"section\">\n\t\t\t\t\t\t<div class=\"elementor-container elementor-column-gap-default\">\n\t\t\t\t\t<div class=\"elementor-column elementor-col-100 elementor-top-column elementor-element elementor-element-aa27f5c\" data-id=\"aa27f5c\" data-element_type=\"column\">\n\t\t\t<div class=\"elementor-widget-wrap elementor-element-populated\">\n\t\t\t\t\t\t<div class=\"elementor-element elementor-element-d8f7e82 elementor-widget elementor-widget-spacer\" data-id=\"d8f7e82\" data-element_type=\"widget\" data-widget_type=\"spacer.default\">\n\t\t\t\t<div class=\"elementor-widget-container\">\n\t\t\t\t\t<div class=\"elementor-spacer\">\n\t\t\t<div class=\"elementor-spacer-inner\"><\/div>\n\t\t<\/div>\n\t\t\t\t<\/div>\n\t\t\t\t<\/div>\n\t\t\t\t\t<\/div>\n\t\t<\/div>\n\t\t\t\t\t<\/div>\n\t\t<\/section>\n\t\t\t\t<section class=\"elementor-section elementor-top-section elementor-element elementor-element-662f54d elementor-section-boxed elementor-section-height-default elementor-section-height-default\" data-id=\"662f54d\" data-element_type=\"section\">\n\t\t\t\t\t\t<div class=\"elementor-container elementor-column-gap-default\">\n\t\t\t\t\t<div class=\"elementor-column elementor-col-100 elementor-top-column elementor-element elementor-element-33eaa31\" data-id=\"33eaa31\" data-element_type=\"column\">\n\t\t\t<div class=\"elementor-widget-wrap elementor-element-populated\">\n\t\t\t\t\t\t<div class=\"elementor-element elementor-element-8416299 elementor-widget elementor-widget-video\" data-id=\"8416299\" data-element_type=\"widget\" data-settings=\"{&quot;youtube_url&quot;:&quot;https:\\\/\\\/www.youtube.com\\\/watch?v=UCYAQhZ7O40&quot;,&quot;video_type&quot;:&quot;youtube&quot;,&quot;controls&quot;:&quot;yes&quot;}\" data-widget_type=\"video.default\">\n\t\t\t\t<div class=\"elementor-widget-container\">\n\t\t\t\t\t<div class=\"elementor-wrapper elementor-open-inline\">\n\t\t\t<div class=\"elementor-video\"><\/div>\t\t<\/div>\n\t\t\t\t<\/div>\n\t\t\t\t<\/div>\n\t\t\t\t\t<\/div>\n\t\t<\/div>\n\t\t\t\t\t<\/div>\n\t\t<\/section>\n\t\t\t\t<section class=\"elementor-section elementor-top-section elementor-element elementor-element-b99bc8d elementor-section-boxed elementor-section-height-default elementor-section-height-default\" data-id=\"b99bc8d\" data-element_type=\"section\">\n\t\t\t\t\t\t<div class=\"elementor-container elementor-column-gap-default\">\n\t\t\t\t\t<div class=\"elementor-column elementor-col-100 elementor-top-column elementor-element elementor-element-6dc0415\" data-id=\"6dc0415\" data-element_type=\"column\">\n\t\t\t<div class=\"elementor-widget-wrap elementor-element-populated\">\n\t\t\t\t\t\t<div class=\"elementor-element elementor-element-5de1346 elementor-widget elementor-widget-spacer\" data-id=\"5de1346\" data-element_type=\"widget\" data-widget_type=\"spacer.default\">\n\t\t\t\t<div class=\"elementor-widget-container\">\n\t\t\t\t\t<div class=\"elementor-spacer\">\n\t\t\t<div class=\"elementor-spacer-inner\"><\/div>\n\t\t<\/div>\n\t\t\t\t<\/div>\n\t\t\t\t<\/div>\n\t\t\t\t\t<\/div>\n\t\t<\/div>\n\t\t\t\t\t<\/div>\n\t\t<\/section>\n\t\t\t\t<section class=\"elementor-section elementor-top-section elementor-element elementor-element-00ae46e elementor-section-boxed elementor-section-height-default elementor-section-height-default\" data-id=\"00ae46e\" data-element_type=\"section\">\n\t\t\t\t\t\t<div class=\"elementor-container elementor-column-gap-default\">\n\t\t\t\t\t<div class=\"elementor-column elementor-col-100 elementor-top-column elementor-element elementor-element-f60f3f5\" data-id=\"f60f3f5\" data-element_type=\"column\">\n\t\t\t<div class=\"elementor-widget-wrap elementor-element-populated\">\n\t\t\t\t\t\t<div class=\"elementor-element elementor-element-baffdc7 elementor-widget elementor-widget-image\" data-id=\"baffdc7\" data-element_type=\"widget\" data-widget_type=\"image.default\">\n\t\t\t\t<div class=\"elementor-widget-container\">\n\t\t\t\t\t\t\t\t\t\t\t\t\t<img decoding=\"async\" width=\"800\" height=\"158\" src=\"https:\/\/cascinadede.it\/wp-content\/uploads\/2022\/11\/Schermata-2022-11-14-alle-10.51.21-1024x202.png\" class=\"attachment-large size-large wp-image-47\" alt=\"\" srcset=\"https:\/\/cascinadede.it\/wp-content\/uploads\/2022\/11\/Schermata-2022-11-14-alle-10.51.21-1024x202.png 1024w, https:\/\/cascinadede.it\/wp-content\/uploads\/2022\/11\/Schermata-2022-11-14-alle-10.51.21-300x59.png 300w, https:\/\/cascinadede.it\/wp-content\/uploads\/2022\/11\/Schermata-2022-11-14-alle-10.51.21-768x151.png 768w, https:\/\/cascinadede.it\/wp-content\/uploads\/2022\/11\/Schermata-2022-11-14-alle-10.51.21.png 1197w\" sizes=\"(max-width: 800px) 100vw, 800px\" \/>\t\t\t\t\t\t\t\t\t\t\t\t\t<\/div>\n\t\t\t\t<\/div>\n\t\t\t\t\t<\/div>\n\t\t<\/div>\n\t\t\t\t\t<\/div>\n\t\t<\/section>\n\t\t\t\t<section class=\"elementor-section elementor-top-section elementor-element elementor-element-d54ddc6 elementor-section-boxed elementor-section-height-default elementor-section-height-default\" data-id=\"d54ddc6\" data-element_type=\"section\">\n\t\t\t\t\t\t<div class=\"elementor-container elementor-column-gap-default\">\n\t\t\t\t\t<div class=\"elementor-column elementor-col-100 elementor-top-column elementor-element elementor-element-eecc3ed\" data-id=\"eecc3ed\" data-element_type=\"column\">\n\t\t\t<div class=\"elementor-widget-wrap elementor-element-populated\">\n\t\t\t\t\t\t<div class=\"elementor-element elementor-element-45f61cf elementor-widget elementor-widget-spacer\" data-id=\"45f61cf\" data-element_type=\"widget\" data-widget_type=\"spacer.default\">\n\t\t\t\t<div class=\"elementor-widget-container\">\n\t\t\t\t\t<div class=\"elementor-spacer\">\n\t\t\t<div class=\"elementor-spacer-inner\"><\/div>\n\t\t<\/div>\n\t\t\t\t<\/div>\n\t\t\t\t<\/div>\n\t\t\t\t\t<\/div>\n\t\t<\/div>\n\t\t\t\t\t<\/div>\n\t\t<\/section>\n\t\t\t\t<\/div>\n\t\t","protected":false},"excerpt":{"rendered":"<p>Caseificio Ded\u00e8 dal 1945 Su di noi Dal prato al Formaggio\u201d\u00a0\u00e8 la frase pi\u00f9 adatta a presentare il Caseificio Ded\u00e8. Il caseificio infatti si trova all\u2019interno di un\u2019antica azienda agricolo-casearia chiamata Cascina Rosa del Propio di Borghetto Lodigiano, che produceva da tempi immemori il burro ed il\u00a0Granone lodigiano\u00a0secondo la prassi da lungo tempo consolidata in [&hellip;]<\/p>\n","protected":false},"author":1,"featured_media":0,"parent":0,"menu_order":0,"comment_status":"closed","ping_status":"closed","template":"","meta":{"footnotes":""},"class_list":["post-22","page","type-page","status-publish","hentry"],"_links":{"self":[{"href":"https:\/\/cascinadede.it\/index.php?rest_route=\/wp\/v2\/pages\/22","targetHints":{"allow":["GET"]}}],"collection":[{"href":"https:\/\/cascinadede.it\/index.php?rest_route=\/wp\/v2\/pages"}],"about":[{"href":"https:\/\/cascinadede.it\/index.php?rest_route=\/wp\/v2\/types\/page"}],"author":[{"embeddable":true,"href":"https:\/\/cascinadede.it\/index.php?rest_route=\/wp\/v2\/users\/1"}],"replies":[{"embeddable":true,"href":"https:\/\/cascinadede.it\/index.php?rest_route=%2Fwp%2Fv2%2Fcomments&post=22"}],"version-history":[{"count":7,"href":"https:\/\/cascinadede.it\/index.php?rest_route=\/wp\/v2\/pages\/22\/revisions"}],"predecessor-version":[{"id":50,"href":"https:\/\/cascinadede.it\/index.php?rest_route=\/wp\/v2\/pages\/22\/revisions\/50"}],"wp:attachment":[{"href":"https:\/\/cascinadede.it\/index.php?rest_route=%2Fwp%2Fv2%2Fmedia&parent=22"}],"curies":[{"name":"wp","href":"https:\/\/api.w.org\/{rel}","templated":true}]}}